{"id":8,"date":"2023-06-23T14:19:25","date_gmt":"2023-06-23T14:19:25","guid":{"rendered":"https:\/\/cgt-fha.fr\/?page_id=8"},"modified":"2025-11-28T20:19:54","modified_gmt":"2025-11-28T19:19:54","slug":"contact","status":"publish","type":"page","link":"https:\/\/cgt-fha.fr\/index.php\/contact\/","title":{"rendered":"Contact"},"content":{"rendered":"\n<div class=\"wp-block-cover alignfull\" style=\"min-height:300px;aspect-ratio:unset;\"><span aria-hidden=\"true\" class=\"wp-block-cover__background has-nv-site-bg-background-color has-background-dim-100 has-background-dim\"><\/span><div class=\"wp-block-cover__inner-container is-layout-flow wp-block-cover-is-layout-flow\">\n<h1 class=\"wp-block-heading has-text-align-left has-neve-text-color-color has-text-color\">Contact<\/h1>\n<\/div><\/div>\n\n\n<style id=\"wpforms-css-vars-109-block-4b6ba100-7c6a-4321-aedf-00737ca0605a\">\n\t\t\t\t#wpforms-109.wpforms-block-4b6ba100-7c6a-4321-aedf-00737ca0605a {\n\t\t\t\t--wpforms-field-size-input-height: 43px;\n--wpforms-field-size-input-spacing: 15px;\n--wpforms-field-size-font-size: 16px;\n--wpforms-field-size-line-height: 19px;\n--wpforms-field-size-padding-h: 14px;\n--wpforms-field-size-checkbox-size: 16px;\n--wpforms-field-size-sublabel-spacing: 5px;\n--wpforms-field-size-icon-size: 1;\n--wpforms-label-size-font-size: 16px;\n--wpforms-label-size-line-height: 19px;\n--wpforms-label-size-sublabel-font-size: 14px;\n--wpforms-label-size-sublabel-line-height: 17px;\n--wpforms-button-size-font-size: 17px;\n--wpforms-button-size-height: 41px;\n--wpforms-button-size-padding-h: 15px;\n--wpforms-button-size-margin-top: 10px;\n\t\t\t}\n\t\t\t<\/style><div class=\"wpforms-container wpforms-container-full wpforms-block wpforms-block-4b6ba100-7c6a-4321-aedf-00737ca0605a wpforms-render-modern\" id=\"wpforms-109\"><form id=\"wpforms-form-109\" class=\"wpforms-validate wpforms-form wpforms-ajax-form\" data-formid=\"109\" method=\"post\" enctype=\"multipart\/form-data\" action=\"\/index.php\/wp-json\/wp\/v2\/pages\/8\" data-token=\"1ce326ecc2ec1f54796b3aa829de3ae9\" data-token-time=\"1776379682\"><noscript class=\"wpforms-error-noscript\">Veuillez activer JavaScript dans votre navigateur pour remplir ce formulaire.<\/noscript><div id=\"wpforms-error-noscript\" style=\"display: none;\">Veuillez activer JavaScript dans votre navigateur pour remplir ce formulaire.<\/div><div class=\"wpforms-field-container\"><div id=\"wpforms-109-field_0-container\" class=\"wpforms-field wpforms-field-name\" data-field-id=\"0\"><fieldset><legend class=\"wpforms-field-label\">Identit\u00e9 <span class=\"wpforms-required-label\" aria-hidden=\"true\">*<\/span><\/legend><div class=\"wpforms-field-row wpforms-field-medium\"><div class=\"wpforms-field-row-block wpforms-first wpforms-one-half\"><input type=\"text\" id=\"wpforms-109-field_0\" class=\"wpforms-field-name-first wpforms-field-required\" name=\"wpforms[fields][0][first]\" aria-errormessage=\"wpforms-109-field_0-error\" required><label for=\"wpforms-109-field_0\" class=\"wpforms-field-sublabel after\">Pr\u00e9nom<\/label><\/div><div class=\"wpforms-field-row-block wpforms-one-half\"><input type=\"text\" id=\"wpforms-109-field_0-last\" class=\"wpforms-field-name-last wpforms-field-required\" name=\"wpforms[fields][0][last]\" aria-errormessage=\"wpforms-109-field_0-last-error\" required><label for=\"wpforms-109-field_0-last\" class=\"wpforms-field-sublabel after\">Nom<\/label><\/div><\/div><\/fieldset><\/div><div id=\"wpforms-109-field_1-container\" class=\"wpforms-field wpforms-field-email\" data-field-id=\"1\"><label class=\"wpforms-field-label\" for=\"wpforms-109-field_1\">E-mail <span class=\"wpforms-required-label\" aria-hidden=\"true\">*<\/span><\/label><input type=\"email\" id=\"wpforms-109-field_1\" class=\"wpforms-field-medium wpforms-field-required\" name=\"wpforms[fields][1]\" spellcheck=\"false\" aria-errormessage=\"wpforms-109-field_1-error\" required><\/div><div id=\"wpforms-109-field_3-container\" class=\"wpforms-field wpforms-field-select wpforms-field-select-style-classic\" data-field-id=\"3\"><label class=\"wpforms-field-label\" for=\"wpforms-109-field_3\">Sujet<\/label><select id=\"wpforms-109-field_3\" class=\"wpforms-field-medium\" name=\"wpforms[fields][3]\"><option value=\"Adh\u00e9rer\"  class=\"choice-1 depth-1\"  >Adh\u00e9rer<\/option><option value=\"Formation\"  class=\"choice-2 depth-1\"  >Formation<\/option><option value=\"Permanence syndicale\"  class=\"choice-3 depth-1\"  >Permanence syndicale<\/option><option value=\"Autre\"  class=\"choice-4 depth-1\"  >Autre<\/option><\/select><\/div><div id=\"wpforms-109-field_2-container\" class=\"wpforms-field wpforms-field-textarea\" data-field-id=\"2\"><label class=\"wpforms-field-label\" for=\"wpforms-109-field_2\">Commentaire ou message<\/label><textarea id=\"wpforms-109-field_2\" class=\"wpforms-field-medium\" name=\"wpforms[fields][2]\" aria-errormessage=\"wpforms-109-field_2-error\" ><\/textarea><\/div><\/div><!-- .wpforms-field-container --><div class=\"wpforms-submit-container\" ><input type=\"hidden\" name=\"wpforms[id]\" value=\"109\"><input type=\"hidden\" name=\"page_title\" value=\"\"><input type=\"hidden\" name=\"page_url\" value=\"https:\/\/cgt-fha.fr\/index.php\/wp-json\/wp\/v2\/pages\/8\"><input type=\"hidden\" name=\"url_referer\" value=\"\"><button type=\"submit\" name=\"wpforms[submit]\" id=\"wpforms-submit-109\" class=\"wpforms-submit\" data-alt-text=\"Envoi...\" data-submit-text=\"Envoyer\" aria-live=\"assertive\" value=\"wpforms-submit\">Envoyer<\/button><img loading=\"lazy\" decoding=\"async\" src=\"https:\/\/cgt-fha.fr\/wp-content\/plugins\/wpforms-lite\/assets\/images\/submit-spin.svg\" class=\"wpforms-submit-spinner\" style=\"display: none;\" width=\"26\" height=\"26\" alt=\"Chargement en cours\"><\/div><\/form><\/div>  <!-- .wpforms-container -->\n\n\n<div class=\"wp-block-cover alignfull\" style=\"min-height:420px;aspect-ratio:unset;\"><span aria-hidden=\"true\" class=\"wp-block-cover__background has-nv-light-bg-background-color has-background-dim-100 has-background-dim\"><\/span><div class=\"wp-block-cover__inner-container is-layout-flow wp-block-cover-is-layout-flow\">\n<div style=\"height:80px\" aria-hidden=\"true\" class=\"wp-block-spacer\"><\/div>\n\n\n\n<div class=\"wp-block-columns is-layout-flex wp-container-core-columns-is-layout-9d6595d7 wp-block-columns-is-layout-flex\">\n<div class=\"wp-block-column is-layout-flow wp-block-column-is-layout-flow\">\n<div style=\"height:24px\" aria-hidden=\"true\" class=\"wp-block-spacer\"><\/div>\n\n\n<div class=\"wp-block-image icon-style is-style\">\n<figure class=\"aligncenter size-full is-resized\"><img loading=\"lazy\" decoding=\"async\" width=\"512\" height=\"512\" src=\"https:\/\/cgt-fha.fr\/wp-content\/uploads\/2025\/02\/appel-telephonique.png\" alt=\"\" class=\"wp-image-189\" style=\"width:48px;height:48px\" srcset=\"https:\/\/cgt-fha.fr\/wp-content\/uploads\/2025\/02\/appel-telephonique.png 512w, https:\/\/cgt-fha.fr\/wp-content\/uploads\/2025\/02\/appel-telephonique-300x300.png 300w, https:\/\/cgt-fha.fr\/wp-content\/uploads\/2025\/02\/appel-telephonique-150x150.png 150w\" sizes=\"auto, (max-width: 512px) 100vw, 512px\" \/><\/figure>\n<\/div>\n\n\n<h3 class=\"wp-block-heading has-text-align-center has-neve-text-color-color has-text-color\">Laisser un message, nous vous rappelons.<\/h3>\n\n\n\n<p class=\"has-text-align-center has-neve-text-color-color has-text-color\" style=\"font-size:15px\">07 60 49 64 69<\/p>\n\n\n\n<div style=\"height:24px\" aria-hidden=\"true\" class=\"wp-block-spacer\"><\/div>\n<\/div>\n\n\n\n<div class=\"wp-block-column is-layout-flow wp-block-column-is-layout-flow\">\n<div style=\"height:24px\" aria-hidden=\"true\" class=\"wp-block-spacer\"><\/div>\n\n\n<div class=\"wp-block-image icon-style is-style\">\n<figure class=\"aligncenter size-full is-resized\"><img loading=\"lazy\" decoding=\"async\" width=\"512\" height=\"512\" src=\"https:\/\/cgt-fha.fr\/wp-content\/uploads\/2025\/02\/enveloppe.png\" alt=\"\" class=\"wp-image-190\" style=\"width:48px;height:48px\" srcset=\"https:\/\/cgt-fha.fr\/wp-content\/uploads\/2025\/02\/enveloppe.png 512w, https:\/\/cgt-fha.fr\/wp-content\/uploads\/2025\/02\/enveloppe-300x300.png 300w, https:\/\/cgt-fha.fr\/wp-content\/uploads\/2025\/02\/enveloppe-150x150.png 150w\" sizes=\"auto, (max-width: 512px) 100vw, 512px\" \/><\/figure>\n<\/div>\n\n\n<h3 class=\"wp-block-heading has-text-align-center has-neve-text-color-color has-text-color\">Email<\/h3>\n\n\n\n<p class=\"has-text-align-center has-neve-text-color-color has-text-color\" style=\"font-size:15px\">union-locale@cgt-fha.fr<\/p>\n\n\n\n<div style=\"height:24px\" aria-hidden=\"true\" class=\"wp-block-spacer\"><\/div>\n<\/div>\n\n\n\n<div class=\"wp-block-column is-layout-flow wp-block-column-is-layout-flow\">\n<div style=\"height:24px\" aria-hidden=\"true\" class=\"wp-block-spacer\"><\/div>\n\n\n<div class=\"wp-block-image icon-style is-style\">\n<figure class=\"aligncenter size-full is-resized\"><img loading=\"lazy\" decoding=\"async\" width=\"512\" height=\"512\" src=\"https:\/\/cgt-fha.fr\/wp-content\/uploads\/2025\/02\/marqueur.png\" alt=\"\" class=\"wp-image-191\" style=\"width:48px;height:48px\" srcset=\"https:\/\/cgt-fha.fr\/wp-content\/uploads\/2025\/02\/marqueur.png 512w, https:\/\/cgt-fha.fr\/wp-content\/uploads\/2025\/02\/marqueur-300x300.png 300w, https:\/\/cgt-fha.fr\/wp-content\/uploads\/2025\/02\/marqueur-150x150.png 150w\" sizes=\"auto, (max-width: 512px) 100vw, 512px\" \/><\/figure>\n<\/div>\n\n\n<h3 class=\"wp-block-heading has-text-align-center has-neve-text-color-color has-text-color\">Nos locaux<\/h3>\n\n\n\n<p class=\"has-text-align-center has-neve-text-color-color has-text-color\" style=\"font-size:15px\">Foix : Nous contacter pour prendre rendez-vous<br>Haute-Ari\u00e8ge : 10 Avenue de l&rsquo;Ayroule, Espace Sabart 09400 Tarascon-sur-Ari\u00e8ge<\/p>\n\n\n\n<div style=\"height:24px\" aria-hidden=\"true\" class=\"wp-block-spacer\"><\/div>\n<\/div>\n<\/div>\n\n\n\n<div style=\"height:30px\" aria-hidden=\"true\" class=\"wp-block-spacer\"><\/div>\n<\/div><\/div>\n\n\n\n<div class=\"wp-block-cover alignfull\" style=\"min-height:600px;aspect-ratio:unset;\"><span aria-hidden=\"true\" class=\"wp-block-cover__background has-nv-dark-bg-background-color has-background-dim-100 has-background-dim\"><\/span><div class=\"wp-block-cover__inner-container is-layout-flow wp-block-cover-is-layout-flow\">\n<div class=\"wp-block-group\"><div class=\"wp-block-group__inner-container is-layout-flow wp-block-group-is-layout-flow\">\n<div style=\"height:80px\" aria-hidden=\"true\" class=\"wp-block-spacer\"><\/div>\n\n\n\n<div class=\"wp-block-columns is-layout-flex wp-container-core-columns-is-layout-9d6595d7 wp-block-columns-is-layout-flex\">\n<div class=\"wp-block-column is-vertically-aligned-center is-layout-flow wp-block-column-is-layout-flow\" style=\"flex-basis:50%\">\n<h2 class=\"wp-block-heading has-nv-text-dark-bg-color has-text-color\">Accueil Syndical<\/h2>\n\n\n\n<p class=\"has-white-color has-text-color\">Tous les mercredis 9h-12h 14h-17h \u00e0 Foix<\/p>\n\n\n\n<p>1er et 3\u00e8me mercredi du mois 16h-18h \u00e0 Tarascon-Sur-Ari\u00e8ge<\/p>\n<\/div>\n\n\n\n<div class=\"wp-block-column is-vertically-aligned-center is-layout-flow wp-block-column-is-layout-flow\" style=\"flex-basis:50%\"><\/div>\n<\/div>\n\n\n\n<div style=\"height:40px\" aria-hidden=\"true\" class=\"wp-block-spacer\"><\/div>\n<\/div><\/div>\n<\/div><\/div>\n","protected":false},"excerpt":{"rendered":"","protected":false},"author":1,"featured_media":0,"parent":0,"menu_order":0,"comment_status":"closed","ping_status":"closed","template":"","meta":{"neve_meta_sidebar":"","neve_meta_container":"","neve_meta_enable_content_width":"on","neve_meta_content_width":100,"neve_meta_title_alignment":"","neve_meta_author_avatar":"","neve_post_elements_order":"","neve_meta_disable_header":"","neve_meta_disable_footer":"","neve_meta_disable_title":"on","footnotes":""},"class_list":["post-8","page","type-page","status-publish","hentry"],"yoast_head":"<!-- This site is optimized with the Yoast SEO plugin v27.4 - https:\/\/yoast.com\/product\/yoast-seo-wordpress\/ -->\n<title>Contact - Union Locale Foix Haute-Ari\u00e8ge<\/title>\n<meta name=\"robots\" content=\"index, follow, max-snippet:-1, max-image-preview:large, max-video-preview:-1\" \/>\n<link rel=\"canonical\" href=\"https:\/\/cgt-fha.fr\/index.php\/contact\/\" \/>\n<meta property=\"og:locale\" content=\"fr_FR\" \/>\n<meta property=\"og:type\" content=\"article\" \/>\n<meta property=\"og:title\" content=\"Contact - Union Locale Foix Haute-Ari\u00e8ge\" \/>\n<meta property=\"og:url\" content=\"https:\/\/cgt-fha.fr\/index.php\/contact\/\" \/>\n<meta property=\"og:site_name\" content=\"Union Locale Foix Haute-Ari\u00e8ge\" \/>\n<meta property=\"article:publisher\" content=\"https:\/\/www.facebook.com\/profile.php?id=61552410568856\" \/>\n<meta property=\"article:modified_time\" content=\"2025-11-28T19:19:54+00:00\" \/>\n<meta property=\"og:image\" content=\"https:\/\/cgt-fha.fr\/wp-content\/uploads\/2025\/02\/appel-telephonique.png\" \/>\n<meta name=\"twitter:card\" content=\"summary_large_image\" \/>\n<meta name=\"twitter:label1\" content=\"Dur\u00e9e de lecture estim\u00e9e\" \/>\n\t<meta name=\"twitter:data1\" content=\"1 minute\" \/>\n<script type=\"application\/ld+json\" class=\"yoast-schema-graph\">{\"@context\":\"https:\\\/\\\/schema.org\",\"@graph\":[{\"@type\":\"WebPage\",\"@id\":\"https:\\\/\\\/cgt-fha.fr\\\/index.php\\\/contact\\\/\",\"url\":\"https:\\\/\\\/cgt-fha.fr\\\/index.php\\\/contact\\\/\",\"name\":\"Contact - Union Locale Foix Haute-Ari\u00e8ge\",\"isPartOf\":{\"@id\":\"https:\\\/\\\/cgt-fha.fr\\\/#website\"},\"primaryImageOfPage\":{\"@id\":\"https:\\\/\\\/cgt-fha.fr\\\/index.php\\\/contact\\\/#primaryimage\"},\"image\":{\"@id\":\"https:\\\/\\\/cgt-fha.fr\\\/index.php\\\/contact\\\/#primaryimage\"},\"thumbnailUrl\":\"https:\\\/\\\/cgt-fha.fr\\\/wp-content\\\/uploads\\\/2025\\\/02\\\/appel-telephonique.png\",\"datePublished\":\"2023-06-23T14:19:25+00:00\",\"dateModified\":\"2025-11-28T19:19:54+00:00\",\"breadcrumb\":{\"@id\":\"https:\\\/\\\/cgt-fha.fr\\\/index.php\\\/contact\\\/#breadcrumb\"},\"inLanguage\":\"fr-FR\",\"potentialAction\":[{\"@type\":\"ReadAction\",\"target\":[\"https:\\\/\\\/cgt-fha.fr\\\/index.php\\\/contact\\\/\"]}]},{\"@type\":\"ImageObject\",\"inLanguage\":\"fr-FR\",\"@id\":\"https:\\\/\\\/cgt-fha.fr\\\/index.php\\\/contact\\\/#primaryimage\",\"url\":\"https:\\\/\\\/cgt-fha.fr\\\/wp-content\\\/uploads\\\/2025\\\/02\\\/appel-telephonique.png\",\"contentUrl\":\"https:\\\/\\\/cgt-fha.fr\\\/wp-content\\\/uploads\\\/2025\\\/02\\\/appel-telephonique.png\",\"width\":512,\"height\":512},{\"@type\":\"BreadcrumbList\",\"@id\":\"https:\\\/\\\/cgt-fha.fr\\\/index.php\\\/contact\\\/#breadcrumb\",\"itemListElement\":[{\"@type\":\"ListItem\",\"position\":1,\"name\":\"Accueil\",\"item\":\"https:\\\/\\\/cgt-fha.fr\\\/\"},{\"@type\":\"ListItem\",\"position\":2,\"name\":\"Contact\"}]},{\"@type\":\"WebSite\",\"@id\":\"https:\\\/\\\/cgt-fha.fr\\\/#website\",\"url\":\"https:\\\/\\\/cgt-fha.fr\\\/\",\"name\":\"Union Locale Foix Haute-Ari\u00e8ge\",\"description\":\"\",\"publisher\":{\"@id\":\"https:\\\/\\\/cgt-fha.fr\\\/#organization\"},\"potentialAction\":[{\"@type\":\"SearchAction\",\"target\":{\"@type\":\"EntryPoint\",\"urlTemplate\":\"https:\\\/\\\/cgt-fha.fr\\\/?s={search_term_string}\"},\"query-input\":{\"@type\":\"PropertyValueSpecification\",\"valueRequired\":true,\"valueName\":\"search_term_string\"}}],\"inLanguage\":\"fr-FR\"},{\"@type\":\"Organization\",\"@id\":\"https:\\\/\\\/cgt-fha.fr\\\/#organization\",\"name\":\"Union Locale CGT Foix Haute-Ari\u00e8ge\",\"url\":\"https:\\\/\\\/cgt-fha.fr\\\/\",\"logo\":{\"@type\":\"ImageObject\",\"inLanguage\":\"fr-FR\",\"@id\":\"https:\\\/\\\/cgt-fha.fr\\\/#\\\/schema\\\/logo\\\/image\\\/\",\"url\":\"https:\\\/\\\/cgt-fha.fr\\\/wp-content\\\/uploads\\\/2025\\\/11\\\/banniere-union-locale-noir-scaled.png\",\"contentUrl\":\"https:\\\/\\\/cgt-fha.fr\\\/wp-content\\\/uploads\\\/2025\\\/11\\\/banniere-union-locale-noir-scaled.png\",\"width\":2560,\"height\":463,\"caption\":\"Union Locale CGT Foix Haute-Ari\u00e8ge\"},\"image\":{\"@id\":\"https:\\\/\\\/cgt-fha.fr\\\/#\\\/schema\\\/logo\\\/image\\\/\"},\"sameAs\":[\"https:\\\/\\\/www.facebook.com\\\/profile.php?id=61552410568856\"]}]}<\/script>\n<!-- \/ Yoast SEO plugin. -->","yoast_head_json":{"title":"Contact - Union Locale Foix Haute-Ari\u00e8ge","robots":{"index":"index","follow":"follow","max-snippet":"max-snippet:-1","max-image-preview":"max-image-preview:large","max-video-preview":"max-video-preview:-1"},"canonical":"https:\/\/cgt-fha.fr\/index.php\/contact\/","og_locale":"fr_FR","og_type":"article","og_title":"Contact - Union Locale Foix Haute-Ari\u00e8ge","og_url":"https:\/\/cgt-fha.fr\/index.php\/contact\/","og_site_name":"Union Locale Foix Haute-Ari\u00e8ge","article_publisher":"https:\/\/www.facebook.com\/profile.php?id=61552410568856","article_modified_time":"2025-11-28T19:19:54+00:00","og_image":[{"url":"https:\/\/cgt-fha.fr\/wp-content\/uploads\/2025\/02\/appel-telephonique.png","type":"","width":"","height":""}],"twitter_card":"summary_large_image","twitter_misc":{"Dur\u00e9e de lecture estim\u00e9e":"1 minute"},"schema":{"@context":"https:\/\/schema.org","@graph":[{"@type":"WebPage","@id":"https:\/\/cgt-fha.fr\/index.php\/contact\/","url":"https:\/\/cgt-fha.fr\/index.php\/contact\/","name":"Contact - Union Locale Foix Haute-Ari\u00e8ge","isPartOf":{"@id":"https:\/\/cgt-fha.fr\/#website"},"primaryImageOfPage":{"@id":"https:\/\/cgt-fha.fr\/index.php\/contact\/#primaryimage"},"image":{"@id":"https:\/\/cgt-fha.fr\/index.php\/contact\/#primaryimage"},"thumbnailUrl":"https:\/\/cgt-fha.fr\/wp-content\/uploads\/2025\/02\/appel-telephonique.png","datePublished":"2023-06-23T14:19:25+00:00","dateModified":"2025-11-28T19:19:54+00:00","breadcrumb":{"@id":"https:\/\/cgt-fha.fr\/index.php\/contact\/#breadcrumb"},"inLanguage":"fr-FR","potentialAction":[{"@type":"ReadAction","target":["https:\/\/cgt-fha.fr\/index.php\/contact\/"]}]},{"@type":"ImageObject","inLanguage":"fr-FR","@id":"https:\/\/cgt-fha.fr\/index.php\/contact\/#primaryimage","url":"https:\/\/cgt-fha.fr\/wp-content\/uploads\/2025\/02\/appel-telephonique.png","contentUrl":"https:\/\/cgt-fha.fr\/wp-content\/uploads\/2025\/02\/appel-telephonique.png","width":512,"height":512},{"@type":"BreadcrumbList","@id":"https:\/\/cgt-fha.fr\/index.php\/contact\/#breadcrumb","itemListElement":[{"@type":"ListItem","position":1,"name":"Accueil","item":"https:\/\/cgt-fha.fr\/"},{"@type":"ListItem","position":2,"name":"Contact"}]},{"@type":"WebSite","@id":"https:\/\/cgt-fha.fr\/#website","url":"https:\/\/cgt-fha.fr\/","name":"Union Locale Foix Haute-Ari\u00e8ge","description":"","publisher":{"@id":"https:\/\/cgt-fha.fr\/#organization"},"potentialAction":[{"@type":"SearchAction","target":{"@type":"EntryPoint","urlTemplate":"https:\/\/cgt-fha.fr\/?s={search_term_string}"},"query-input":{"@type":"PropertyValueSpecification","valueRequired":true,"valueName":"search_term_string"}}],"inLanguage":"fr-FR"},{"@type":"Organization","@id":"https:\/\/cgt-fha.fr\/#organization","name":"Union Locale CGT Foix Haute-Ari\u00e8ge","url":"https:\/\/cgt-fha.fr\/","logo":{"@type":"ImageObject","inLanguage":"fr-FR","@id":"https:\/\/cgt-fha.fr\/#\/schema\/logo\/image\/","url":"https:\/\/cgt-fha.fr\/wp-content\/uploads\/2025\/11\/banniere-union-locale-noir-scaled.png","contentUrl":"https:\/\/cgt-fha.fr\/wp-content\/uploads\/2025\/11\/banniere-union-locale-noir-scaled.png","width":2560,"height":463,"caption":"Union Locale CGT Foix Haute-Ari\u00e8ge"},"image":{"@id":"https:\/\/cgt-fha.fr\/#\/schema\/logo\/image\/"},"sameAs":["https:\/\/www.facebook.com\/profile.php?id=61552410568856"]}]}},"_links":{"self":[{"href":"https:\/\/cgt-fha.fr\/index.php\/wp-json\/wp\/v2\/pages\/8","targetHints":{"allow":["GET"]}}],"collection":[{"href":"https:\/\/cgt-fha.fr\/index.php\/wp-json\/wp\/v2\/pages"}],"about":[{"href":"https:\/\/cgt-fha.fr\/index.php\/wp-json\/wp\/v2\/types\/page"}],"author":[{"embeddable":true,"href":"https:\/\/cgt-fha.fr\/index.php\/wp-json\/wp\/v2\/users\/1"}],"replies":[{"embeddable":true,"href":"https:\/\/cgt-fha.fr\/index.php\/wp-json\/wp\/v2\/comments?post=8"}],"version-history":[{"count":11,"href":"https:\/\/cgt-fha.fr\/index.php\/wp-json\/wp\/v2\/pages\/8\/revisions"}],"predecessor-version":[{"id":303,"href":"https:\/\/cgt-fha.fr\/index.php\/wp-json\/wp\/v2\/pages\/8\/revisions\/303"}],"wp:attachment":[{"href":"https:\/\/cgt-fha.fr\/index.php\/wp-json\/wp\/v2\/media?parent=8"}],"curies":[{"name":"wp","href":"https:\/\/api.w.org\/{rel}","templated":true}]}}